{"id":1938,"date":"2023-09-21T14:26:16","date_gmt":"2023-09-21T19:26:16","guid":{"rendered":"https:\/\/dimensiontransport.com\/index.php\/career\/"},"modified":"2023-11-08T10:48:15","modified_gmt":"2023-11-08T15:48:15","slug":"career","status":"publish","type":"page","link":"https:\/\/dimensiontransport.com\/en\/index.php\/career\/","title":{"rendered":"CAREER"},"content":{"rendered":"\n<div class=\"wp-block-uagb-container uagb-block-58617807 alignfull uagb-is-root-container\"><div class=\"uagb-container-inner-blocks-wrap\">\n<div class=\"wp-block-uagb-advanced-heading uagb-block-ba99e049\"><h2 class=\"uagb-heading-text\"><strong>CAREER<\/strong><\/h2><\/div>\n\n\n\n<div class=\"wp-block-uagb-buttons uagb-buttons__outer-wrap uagb-btn__default-btn uagb-btn-tablet__default-btn uagb-btn-mobile__default-btn uagb-block-4eace5ae\"><div class=\"uagb-buttons__wrap uagb-buttons-layout-wrap\">\n<div class=\"wp-block-uagb-buttons-child uagb-buttons__outer-wrap uagb-block-de2fa97d wp-block-button\"><div class=\"uagb-button__wrapper\"><a class=\"uagb-buttons-repeater wp-block-button__link\" href=\"#candidature\" onclick=\"return true;\" rel=\"follow noopener\" target=\"_self\"><div class=\"uagb-button__link\">APPLY<\/div><\/a><\/div><\/div>\n<\/div><\/div>\n<\/div><\/div>\n\n\n\n<div class=\"wp-block-uagb-container uagb-block-f3f53928 alignfull uagb-is-root-container\"><div class=\"uagb-container-inner-blocks-wrap\">\n<h2 class=\"wp-block-heading\" style=\"padding-right:var(--wp--preset--spacing--20);padding-left:var(--wp--preset--spacing--20);line-height:1\">HOURLY PAY THAT MATCHES YOUR EXPERIENCE.<\/h2>\n\n\n\n<p style=\"padding-right:var(--wp--preset--spacing--20);padding-left:var(--wp--preset--spacing--20)\">Our offices and work areas are organized to take care of our employees and provide them with a safe and spacious environment.<\/p>\n\n\n\n<div class=\"wp-block-uagb-icon-list uagb-block-6ce869f0\"><div class=\"uagb-icon-list__wrap\">\n<div class=\"wp-block-uagb-icon-list-child uagb-block-44eb4115\"><span class=\"uagb-icon-list__source-wrap\"><svg xmlns=\"https:\/\/www.w3.org\/2000\/svg\" viewBox=\"0 0 512 512\"><path d=\"M256 0C114.6 0 0 114.6 0 256c0 141.4 114.6 256 256 256s256-114.6 256-256C512 114.6 397.4 0 256 0zM406.6 278.6l-103.1 103.1c-12.5 12.5-32.75 12.5-45.25 0s-12.5-32.75 0-45.25L306.8 288H128C110.3 288 96 273.7 96 256s14.31-32 32-32h178.8l-49.38-49.38c-12.5-12.5-12.5-32.75 0-45.25s32.75-12.5 45.25 0l103.1 103.1C414.6 241.3 416 251.1 416 256C416 260.9 414.6 270.7 406.6 278.6z\"><\/path><\/svg><\/span><span class=\"uagb-icon-list__label\">Salle de repos;<\/span><\/div>\n\n\n\n<div class=\"wp-block-uagb-icon-list-child uagb-block-978a3f75\"><span class=\"uagb-icon-list__source-wrap\"><svg xmlns=\"https:\/\/www.w3.org\/2000\/svg\" viewBox=\"0 0 512 512\"><path d=\"M256 0C114.6 0 0 114.6 0 256c0 141.4 114.6 256 256 256s256-114.6 256-256C512 114.6 397.4 0 256 0zM406.6 278.6l-103.1 103.1c-12.5 12.5-32.75 12.5-45.25 0s-12.5-32.75 0-45.25L306.8 288H128C110.3 288 96 273.7 96 256s14.31-32 32-32h178.8l-49.38-49.38c-12.5-12.5-12.5-32.75 0-45.25s32.75-12.5 45.25 0l103.1 103.1C414.6 241.3 416 251.1 416 256C416 260.9 414.6 270.7 406.6 278.6z\"><\/path><\/svg><\/span><span class=\"uagb-icon-list__label\">Douches pour nos chauffeurs;<\/span><\/div>\n\n\n\n<div class=\"wp-block-uagb-icon-list-child uagb-block-fc719328\"><span class=\"uagb-icon-list__source-wrap\"><svg xmlns=\"https:\/\/www.w3.org\/2000\/svg\" viewBox=\"0 0 512 512\"><path d=\"M256 0C114.6 0 0 114.6 0 256c0 141.4 114.6 256 256 256s256-114.6 256-256C512 114.6 397.4 0 256 0zM406.6 278.6l-103.1 103.1c-12.5 12.5-32.75 12.5-45.25 0s-12.5-32.75 0-45.25L306.8 288H128C110.3 288 96 273.7 96 256s14.31-32 32-32h178.8l-49.38-49.38c-12.5-12.5-12.5-32.75 0-45.25s32.75-12.5 45.25 0l103.1 103.1C414.6 241.3 416 251.1 416 256C416 260.9 414.6 270.7 406.6 278.6z\"><\/path><\/svg><\/span><span class=\"uagb-icon-list__label\">Installations techniques et aire d\u2019entretien m\u00e9canique ultra modernes;<\/span><\/div>\n\n\n\n<div class=\"wp-block-uagb-icon-list-child uagb-block-8c1e691e\"><span class=\"uagb-icon-list__source-wrap\"><svg xmlns=\"https:\/\/www.w3.org\/2000\/svg\" viewBox=\"0 0 512 512\"><path d=\"M256 0C114.6 0 0 114.6 0 256c0 141.4 114.6 256 256 256s256-114.6 256-256C512 114.6 397.4 0 256 0zM406.6 278.6l-103.1 103.1c-12.5 12.5-32.75 12.5-45.25 0s-12.5-32.75 0-45.25L306.8 288H128C110.3 288 96 273.7 96 256s14.31-32 32-32h178.8l-49.38-49.38c-12.5-12.5-12.5-32.75 0-45.25s32.75-12.5 45.25 0l103.1 103.1C414.6 241.3 416 251.1 416 256C416 260.9 414.6 270.7 406.6 278.6z\"><\/path><\/svg><\/span><span class=\"uagb-icon-list__label\">Bureaux des r\u00e9partiteurs \u00e0 la fine pointe de la technologie avec le suivi en temps r\u00e9el par satellite de nos camions.<\/span><\/div>\n<\/div><\/div>\n<\/div><\/div>\n\n\n\n<div class=\"wp-block-uagb-container uagb-block-bd42a646 alignfull uagb-is-root-container\"><div class=\"uagb-container-inner-blocks-wrap\">\n<div class=\"wp-block-uagb-container uagb-block-a7622287\">\n<h2 class=\"wp-block-heading\" id=\"candidature\" style=\"padding-right:var(--wp--preset--spacing--20);padding-left:var(--wp--preset--spacing--20);line-height:1\">SPONTANEOUS APPLICATION<\/h2>\n\n\n\n<p style=\"padding-right:var(--wp--preset--spacing--20);padding-left:var(--wp--preset--spacing--20)\">SEND US YOUR RESUME AND WE WILL CONTACT YOU IF A POSITION IS AVAILABLE<\/p>\n\n\n<div class=\"wpforms-container wpforms-block wpforms-block-19039f1e-4a3d-45c9-80f5-5647da5a1b79\" id=\"wpforms-1075\"><form id=\"wpforms-form-1075\" class=\"wpforms-validate wpforms-form wpforms-ajax-form\" data-formid=\"1075\" method=\"post\" enctype=\"multipart\/form-data\" action=\"\/en\/index.php\/wp-json\/wp\/v2\/pages\/1938?wpforms_form_id=1075\" data-token=\"f19bdfe3235fb65b4eff1cc028612ec9\" data-token-time=\"1777524118\"><noscript class=\"wpforms-error-noscript\">Please enable JavaScript in your browser to complete this form.<\/noscript><div class=\"wpforms-field-container\"><div id=\"wpforms-1075-field_1-container\" class=\"wpforms-field wpforms-field-name\" data-field-id=\"1\"><label class=\"wpforms-field-label\" for=\"wpforms-1075-field_1\">Full Name <span class=\"wpforms-required-label\">*<\/span><\/label><div class=\"wpforms-field-row wpforms-field-medium\"><div class=\"wpforms-field-row-block wpforms-first wpforms-one-half\"><input type=\"text\" id=\"wpforms-1075-field_1\" class=\"wpforms-field-name-first wpforms-field-required\" name=\"wpforms[fields][1][first]\" placeholder=\"First name\" required><label for=\"wpforms-1075-field_1\" class=\"wpforms-field-sublabel after wpforms-sublabel-hide\">First name<\/label><\/div><div class=\"wpforms-field-row-block wpforms-one-half\"><input type=\"text\" id=\"wpforms-1075-field_1-last\" class=\"wpforms-field-name-last wpforms-field-required\" name=\"wpforms[fields][1][last]\" placeholder=\"Name\" required><label for=\"wpforms-1075-field_1-last\" class=\"wpforms-field-sublabel after wpforms-sublabel-hide\">Name<\/label><\/div><\/div><\/div><div id=\"wpforms-1075-field_2-container\" class=\"wpforms-field wpforms-field-email\" data-field-id=\"2\"><label class=\"wpforms-field-label\" for=\"wpforms-1075-field_2\">Email <span class=\"wpforms-required-label\">*<\/span><\/label><input type=\"email\" id=\"wpforms-1075-field_2\" class=\"wpforms-field-medium wpforms-field-required\" data-rule-restricted-email=\"1\" name=\"wpforms[fields][2]\" placeholder=\"email@domaine.com\" spellcheck=\"false\" required><\/div><div id=\"wpforms-1075-field_55-container\" class=\"wpforms-field wpforms-field-phone\" data-field-id=\"55\"><label class=\"wpforms-field-label\" for=\"wpforms-1075-field_55\">Phone <span class=\"wpforms-required-label\">*<\/span><\/label><input type=\"tel\" id=\"wpforms-1075-field_55\" class=\"wpforms-field-medium wpforms-field-required wpforms-smart-phone-field\" data-rule-smart-phone-field=\"true\" name=\"wpforms[fields][55]\" placeholder=\"999 999-9999\" aria-label=\"Phone\" required><\/div><div id=\"wpforms-1075-field_56-container\" class=\"wpforms-field wpforms-field-address\" data-field-id=\"56\"><label class=\"wpforms-field-label\" for=\"wpforms-1075-field_56\">Address <span class=\"wpforms-required-label\">*<\/span><\/label><div class=\"wpforms-field-row wpforms-field-medium\"><div ><input type=\"text\" id=\"wpforms-1075-field_56\" class=\"wpforms-field-address-address1 wpforms-field-required\" name=\"wpforms[fields][56][address1]\" placeholder=\"Address line 1\" required><label for=\"wpforms-1075-field_56\" class=\"wpforms-field-sublabel after wpforms-sublabel-hide\">Address Line 1<\/label><\/div><\/div><div class=\"wpforms-field-row wpforms-field-medium\"><div class=\"wpforms-field-row-block wpforms-one-half wpforms-first\"><input type=\"text\" id=\"wpforms-1075-field_56-city\" class=\"wpforms-field-address-city wpforms-field-required\" name=\"wpforms[fields][56][city]\" placeholder=\"City\" required><label for=\"wpforms-1075-field_56-city\" class=\"wpforms-field-sublabel after wpforms-sublabel-hide\">City<\/label><\/div><div class=\"wpforms-field-row-block wpforms-one-half\"><input type=\"text\" id=\"wpforms-1075-field_56-state\" class=\"wpforms-field-address-state wpforms-field-required\" name=\"wpforms[fields][56][state]\" placeholder=\"State\" required><label for=\"wpforms-1075-field_56-state\" class=\"wpforms-field-sublabel after wpforms-sublabel-hide\">State \/ Province \/ Region<\/label><\/div><\/div><div class=\"wpforms-field-row wpforms-field-medium\"><div class=\"wpforms-field-row-block wpforms-one-half wpforms-first\"><input type=\"text\" id=\"wpforms-1075-field_56-postal\" class=\"wpforms-field-address-postal wpforms-field-required\" name=\"wpforms[fields][56][postal]\" placeholder=\"Postal code\" required><label for=\"wpforms-1075-field_56-postal\" class=\"wpforms-field-sublabel after wpforms-sublabel-hide\">Postal Code<\/label><\/div><\/div><\/div><div id=\"wpforms-1075-field_43-container\" class=\"wpforms-field wpforms-field-checkbox wpforms-list-inline\" data-field-id=\"43\"><label class=\"wpforms-field-label\">WHEN WOULD BE BEST TO CALL YOU <span class=\"wpforms-required-label\">*<\/span><\/label><ul id=\"wpforms-1075-field_43\" class=\"wpforms-field-required\" data-choice-limit=\"5\"><li class=\"choice-2 depth-1\"><input type=\"checkbox\" id=\"wpforms-1075-field_43_2\" data-rule-check-limit=\"true\" name=\"wpforms[fields][43][]\" value=\"Week\" required ><label class=\"wpforms-field-label-inline\" for=\"wpforms-1075-field_43_2\">Week<\/label><\/li><li class=\"choice-3 depth-1\"><input type=\"checkbox\" id=\"wpforms-1075-field_43_3\" data-rule-check-limit=\"true\" name=\"wpforms[fields][43][]\" value=\"Week-end\" required ><label class=\"wpforms-field-label-inline\" for=\"wpforms-1075-field_43_3\">Week-end<\/label><\/li><li class=\"choice-4 depth-1\"><input type=\"checkbox\" id=\"wpforms-1075-field_43_4\" data-rule-check-limit=\"true\" name=\"wpforms[fields][43][]\" value=\"Morning\" required ><label class=\"wpforms-field-label-inline\" for=\"wpforms-1075-field_43_4\">Morning<\/label><\/li><li class=\"choice-5 depth-1\"><input type=\"checkbox\" id=\"wpforms-1075-field_43_5\" data-rule-check-limit=\"true\" name=\"wpforms[fields][43][]\" value=\"Afternoon\" required ><label class=\"wpforms-field-label-inline\" for=\"wpforms-1075-field_43_5\">Afternoon<\/label><\/li><li class=\"choice-6 depth-1\"><input type=\"checkbox\" id=\"wpforms-1075-field_43_6\" data-rule-check-limit=\"true\" name=\"wpforms[fields][43][]\" value=\"Evening\" required ><label class=\"wpforms-field-label-inline\" for=\"wpforms-1075-field_43_6\">Evening<\/label><\/li><\/ul><\/div><div id=\"wpforms-1075-field_53-container\" class=\"wpforms-field wpforms-field-select wpforms-field-select-style-modern\" data-field-id=\"53\"><label class=\"wpforms-field-label\" for=\"wpforms-1075-field_53\">TYPE OF EMPLOYMENT <span class=\"wpforms-required-label\">*<\/span><\/label><select id=\"wpforms-1075-field_53\" class=\"wpforms-field-medium wpforms-field-required choicesjs-select\" data-size-class=\"wpforms-field-row wpforms-field-medium\" data-search-enabled=\"\" name=\"wpforms[fields][53]\" required=\"required\"><option value=\"\" class=\"placeholder\" disabled  selected='selected'>&#8212; Select &#8212;<\/option><option value=\"Intern\"  class=\"choice-1 depth-1\"  >Intern<\/option><option value=\"Distribution\"  class=\"choice-2 depth-1\"  >Distribution<\/option><option value=\"Administration\"  class=\"choice-3 depth-1\"  >Administration<\/option><option value=\"Sale\"  class=\"choice-4 depth-1\"  >Sale<\/option><option value=\"Delivery\"  class=\"choice-5 depth-1\"  >Delivery<\/option><option value=\"Loading\"  class=\"choice-6 depth-1\"  >Loading<\/option><\/select><\/div><div id=\"wpforms-1075-field_54-container\" class=\"wpforms-field wpforms-field-file-upload\" data-field-id=\"54\"><label class=\"wpforms-field-label\" for=\"wpforms-1075-field_54\">Resume <span class=\"wpforms-required-label\">*<\/span><\/label><div\n\t\tclass=\"wpforms-uploader wpforms-field-required\"\n\t\tdata-field-id=\"54\"\n\t\tdata-form-id=\"1075\"\n\t\tdata-input-name=\"wpforms_1075_54\"\n\t\tdata-extensions=\"pdf\"\n\t\tdata-max-size=\"20971520\"\n\t\tdata-max-file-number=\"1\"\n\t\tdata-post-max-size=\"16777216\"\n\t\tdata-max-parallel-uploads=\"4\"\n\t\tdata-parallel-uploads=\"true\"\n\t\tdata-file-chunk-size=\"2097152\">\n\t<div class=\"dz-message\">\n\t\t<svg  viewBox=\"0 0 640 640\" focusable=\"false\" data-icon=\"inbox\" width=\"50px\" height=\"50px\" fill=\"currentColor\" aria-hidden=\"true\">\n\t\t\t<path d=\"M352 173.3L352 384C352 401.7 337.7 416 320 416C302.3 416 288 401.7 288 384L288 173.3L246.6 214.7C234.1 227.2 213.8 227.2 201.3 214.7C188.8 202.2 188.8 181.9 201.3 169.4L297.3 73.4C309.8 60.9 330.1 60.9 342.6 73.4L438.6 169.4C451.1 181.9 451.1 202.2 438.6 214.7C426.1 227.2 405.8 227.2 393.3 214.7L352 173.3zM320 464C364.2 464 400 428.2 400 384L480 384C515.3 384 544 412.7 544 448L544 480C544 515.3 515.3 544 480 544L160 544C124.7 544 96 515.3 96 480L96 448C96 412.7 124.7 384 160 384L240 384C240 428.2 275.8 464 320 464zM464 488C477.3 488 488 477.3 488 464C488 450.7 477.3 440 464 440C450.7 440 440 450.7 440 464C440 477.3 450.7 488 464 488z\"\/>\n\t\t<\/svg>\n\n\t\t<span class=\"modern-title\">\n\t\t\t\t\t\t\tDrag &amp; Drop Files, \t\t\t\t<span>Choose Files to Upload<\/span>\n\t\t\t\t\t<\/span>\n\n\t\t\t<\/div>\n<\/div>\n\n<input\n\t\ttype=\"text\"\n\t\tautocomplete=\"off\"\n\t\treadonly\n\t\tclass=\"dropzone-input\"\n\t\tstyle=\"position:absolute!important;clip:rect(0,0,0,0)!important;height:1px!important;width:1px!important;border:0!important;overflow:hidden!important;padding:0!important;margin:0!important;\"\n\t\tid=\"wpforms-1075-field_54\"\n\t\tname=\"wpforms_1075_54\" required\t\tvalue=\"\">\n<div class=\"wpforms-field-description\">Select a file<\/div><\/div><div id=\"wpforms-1075-field_7-container\" class=\"wpforms-field wpforms-field-textarea\" data-field-id=\"7\"><label class=\"wpforms-field-label\" for=\"wpforms-1075-field_7\">ADDITIONAL INFORMATION<\/label><textarea id=\"wpforms-1075-field_7\" class=\"wpforms-field-medium\" name=\"wpforms[fields][7]\" ><\/textarea><\/div><\/div><!-- .wpforms-field-container --><div class=\"wpforms-recaptcha-container wpforms-is-recaptcha wpforms-is-recaptcha-type-v2\" ><div class=\"g-recaptcha\" data-sitekey=\"6LddzUMoAAAAAHOcE7Gb1mdc-13LP0e-dbnPUbi4\"><\/div><input type=\"text\" name=\"g-recaptcha-hidden\" class=\"wpforms-recaptcha-hidden\" style=\"position:absolute!important;clip:rect(0,0,0,0)!important;height:1px!important;width:1px!important;border:0!important;overflow:hidden!important;padding:0!important;margin:0!important;\" data-rule-recaptcha=\"1\"><\/div><div class=\"wpforms-submit-container\" ><input type=\"hidden\" name=\"wpforms[id]\" value=\"1075\"><input type=\"hidden\" name=\"page_title\" value=\"\"><input type=\"hidden\" name=\"page_url\" value=\"https:\/\/dimensiontransport.com\/en\/index.php\/wp-json\/wp\/v2\/pages\/1938\"><input type=\"hidden\" name=\"url_referer\" value=\"\"><button type=\"submit\" name=\"wpforms[submit]\" id=\"wpforms-submit-1075\" class=\"wpforms-submit\" data-alt-text=\"Sending...\" data-submit-text=\"Send\" aria-live=\"assertive\" value=\"wpforms-submit\">Send<\/button><img loading=\"lazy\" decoding=\"async\" src=\"https:\/\/dimensiontransport.com\/wp-content\/plugins\/wpforms\/assets\/images\/submit-spin.svg\" class=\"wpforms-submit-spinner\" style=\"display: none;\" width=\"26\" height=\"26\" alt=\"Loading\"><\/div><\/form><\/div>  <!-- .wpforms-container --><\/div>\n<\/div><\/div>\n","protected":false},"excerpt":{"rendered":"<p>CAREER HOURLY PAY THAT MATCHES YOUR EXPERIENCE. Our offices and work areas are organized to take care of our employees and provide them with a safe and spacious environment. SPONTANEOUS APPLICATION SEND US YOUR RESUME AND WE WILL CONTACT YOU IF A POSITION IS AVAILABLE<\/p>\n","protected":false},"author":1,"featured_media":0,"parent":0,"menu_order":0,"comment_status":"closed","ping_status":"closed","template":"","meta":{"_uag_custom_page_level_css":"","site-sidebar-layout":"no-sidebar","site-content-layout":"","ast-site-content-layout":"normal-width-container","site-content-style":"unboxed","site-sidebar-style":"unboxed","ast-global-header-display":"","ast-banner-title-visibility":"","ast-main-header-display":"","ast-hfb-above-header-display":"","ast-hfb-below-header-display":"","ast-hfb-mobile-header-display":"","site-post-title":"disabled","ast-breadcrumbs-content":"","ast-featured-img":"disabled","footer-sml-layout":"","ast-disable-related-posts":"","theme-transparent-header-meta":"enabled","adv-header-id-meta":"","stick-header-meta":"","header-above-stick-meta":"","header-main-stick-meta":"","header-below-stick-meta":"","astra-migrate-meta-layouts":"set","ast-page-background-enabled":"default","ast-page-background-meta":{"desktop":{"background-color":"","background-image":"","background-repeat":"repeat","background-position":"center center","background-size":"auto","background-attachment":"scroll","background-type":"","background-media":"","overlay-type":"","overlay-color":"","overlay-opacity":"","overlay-gradient":""},"tablet":{"background-color":"","background-image":"","background-repeat":"repeat","background-position":"center center","background-size":"auto","background-attachment":"scroll","background-type":"","background-media":"","overlay-type":"","overlay-color":"","overlay-opacity":"","overlay-gradient":""},"mobile":{"background-color":"","background-image":"","background-repeat":"repeat","background-position":"center center","background-size":"auto","background-attachment":"scroll","background-type":"","background-media":"","overlay-type":"","overlay-color":"","overlay-opacity":"","overlay-gradient":""}},"ast-content-background-meta":{"desktop":{"background-color":"var(--ast-global-color-5)","background-image":"","background-repeat":"repeat","background-position":"center center","background-size":"auto","background-attachment":"scroll","background-type":"","background-media":"","overlay-type":"","overlay-color":"","overlay-opacity":"","overlay-gradient":""},"tablet":{"background-color":"var(--ast-global-color-5)","background-image":"","background-repeat":"repeat","background-position":"center center","background-size":"auto","background-attachment":"scroll","background-type":"","background-media":"","overlay-type":"","overlay-color":"","overlay-opacity":"","overlay-gradient":""},"mobile":{"background-color":"var(--ast-global-color-5)","background-image":"","background-repeat":"repeat","background-position":"center center","background-size":"auto","background-attachment":"scroll","background-type":"","background-media":"","overlay-type":"","overlay-color":"","overlay-opacity":"","overlay-gradient":""}},"footnotes":""},"class_list":["post-1938","page","type-page","status-publish","hentry"],"uagb_featured_image_src":{"full":false,"thumbnail":false,"medium":false,"medium_large":false,"large":false,"1536x1536":false,"2048x2048":false},"uagb_author_info":{"display_name":"admin","author_link":"https:\/\/dimensiontransport.com\/en\/index.php\/author\/webmaster\/"},"uagb_comment_info":0,"uagb_excerpt":"CAREER HOURLY PAY THAT MATCHES YOUR EXPERIENCE. Our offices and work areas are organized to take care of our employees and provide them with a safe and spacious environment. SPONTANEOUS APPLICATION SEND US YOUR RESUME AND WE WILL CONTACT YOU IF A POSITION IS AVAILABLE","jetpack_sharing_enabled":true,"_links":{"self":[{"href":"https:\/\/dimensiontransport.com\/en\/index.php\/wp-json\/wp\/v2\/pages\/1938","targetHints":{"allow":["GET"]}}],"collection":[{"href":"https:\/\/dimensiontransport.com\/en\/index.php\/wp-json\/wp\/v2\/pages"}],"about":[{"href":"https:\/\/dimensiontransport.com\/en\/index.php\/wp-json\/wp\/v2\/types\/page"}],"author":[{"embeddable":true,"href":"https:\/\/dimensiontransport.com\/en\/index.php\/wp-json\/wp\/v2\/users\/1"}],"replies":[{"embeddable":true,"href":"https:\/\/dimensiontransport.com\/en\/index.php\/wp-json\/wp\/v2\/comments?post=1938"}],"version-history":[{"count":3,"href":"https:\/\/dimensiontransport.com\/en\/index.php\/wp-json\/wp\/v2\/pages\/1938\/revisions"}],"predecessor-version":[{"id":1985,"href":"https:\/\/dimensiontransport.com\/en\/index.php\/wp-json\/wp\/v2\/pages\/1938\/revisions\/1985"}],"wp:attachment":[{"href":"https:\/\/dimensiontransport.com\/en\/index.php\/wp-json\/wp\/v2\/media?parent=1938"}],"curies":[{"name":"wp","href":"https:\/\/api.w.org\/{rel}","templated":true}]}}