{"id":3,"date":"2023-09-20T22:04:40","date_gmt":"2023-09-21T03:04:40","guid":{"rendered":"https:\/\/elastic-blackburn.198-71-62-207.plesk.page\/?page_id=3"},"modified":"2024-02-29T10:53:36","modified_gmt":"2024-02-29T15:53:36","slug":"politique-confidentialite","status":"publish","type":"page","link":"https:\/\/dimensiontransport.com\/index.php\/politique-confidentialite\/","title":{"rendered":"POLITIQUE DE CONFIDENTIALIT\u00c9"},"content":{"rendered":"\n<p class=\"has-text-align-center\"><b>POLITIQUE DE CONFIDENTIALIT\u00c9 DE DIMENSION TRANSPORT INC.<\/b><\/p>\n\n\n\n<p class=\"has-text-align-center\"><b>RELATIVEMENT \u00c0 VOS RENSEIGNEMENTS PERSONNELS<\/b><\/p>\n\n\n\n<p><b><i>PR\u00c9AMBULE<\/i><\/b><\/p>\n\n\n\n<p>Notre entreprise \u0153uvre dans le domaine du Transport de Marchandises.<\/p>\n\n\n\n<p>Nous accordons une tr\u00e8s grande importance \u00e0 la confidentialit\u00e9 et \u00e0 la s\u00e9curit\u00e9 de vos renseignements personnels et la protection de ceux-ci est l\u2019une de nos plus grandes priorit\u00e9s. Nous vous invitons \u00e0 consulter \u00e0 ce sujet les informations d\u00e9taill\u00e9es sur nos&nbsp;<a href=\"https:\/\/dimensiontransport.com\/index.php\/politiques-et-pratiques-de-gouvernance\/\" data-type=\"page\" data-id=\"1693\">Politiques et pratiques de gouvernance<\/a>.&nbsp;<\/p>\n\n\n\n<p>Nous entendons par renseignement personnel, tout renseignement qui concerne une personne physique et permet directement ou indirectement de l\u2019identifier. Ne sont pas vis\u00e9s par la pr\u00e9sente politique vos renseignements personnels qui concernent l\u2019exercice de votre fonction au sein d\u2019une entreprise.&nbsp;&nbsp;<\/p>\n\n\n\n<p>La pr\u00e9sente politique de confidentialit\u00e9 a \u00e9t\u00e9 cr\u00e9\u00e9e puisque notre entreprise recueille par le biais de moyens technologiques des renseignements personnels vous concernant. Celle-ci vise \u00e0 vous informer sur la mani\u00e8re dont nous collectons, utilisons, communiquons, conservons et d\u00e9truisons vos renseignements personnels collect\u00e9s par des moyens technologiques ainsi que sur certains de vos droits.&nbsp;<\/p>\n\n\n\n<p><b><i>COLLECTE ET UTILISATION<\/i><\/b><\/p>\n\n\n\n<p>Les renseignements personnels pouvant \u00eatre recueillis par nous par le biais des moyens technologiques dans le cadre de nos activit\u00e9s sont les suivants&nbsp;:<\/p>\n\n\n\n<figure class=\"wp-block-table\"><table><tbody><tr><td>Nom et pr\u00e9nom<\/td><td>Emploi, Cv, Dipl\u00f4me&nbsp;<\/td><\/tr><tr><td>Date de Naissance<\/td><td>Salaire<\/td><\/tr><tr><td>Num\u00e9ro d\u2019assurance Sociale<\/td><td>Num\u00e9ro de compte bancaire<\/td><\/tr><tr><td>Adresse Domicile<\/td><td>Sp\u00e9cimen de Ch\u00e8que<\/td><\/tr><tr><td>Num\u00e9ro de t\u00e9l\u00e9phone<\/td><td>Dossier de conduite<\/td><\/tr><tr><td>Adresse Courriel<\/td><td>Permis de conduire<\/td><\/tr><tr><td>Sexe<\/td><td>&nbsp;<\/td><\/tr><\/tbody><\/table><\/figure>\n\n\n\n<p>Nous recueillons \u00e9galement des renseignements sur l\u2019utilisation de notre site Web et d\u2019autres renseignements techniques en lien avec vos interactions sur celui-ci au moyen de t\u00e9moins et d\u2019autres technologies de suivi. Nous vous invitons \u00e0 consulter notre&nbsp;Politique de gestion des t\u00e9moins&nbsp;\u00e0 ce sujet.<\/p>\n\n\n\n<p>En cons\u00e9quence, lorsque vous consentez \u00e0 nous fournir vos renseignements personnels lors de nos diff\u00e9rentes interactions, notamment par courriel ou l\u2019entremise de notre site Web, vous consentez \u00e0 ce que ceux-ci soient trait\u00e9s conform\u00e9ment \u00e0 la pr\u00e9sente politique et la&nbsp;Politique de gestion des t\u00e9moins&nbsp;et que nous utilisions et communiquions ceux-ci dans le cadre de nos activit\u00e9s pour les fins suivantes&nbsp;:<\/p>\n\n\n\n<ul class=\"wp-block-list\">\n<li>Proc\u00e9der \u00e0 l\u2019ouverture de votre dossier client;<\/li>\n\n\n\n<li>Proc\u00e9der \u00e0 l\u2019ouverture de votre dossier employ\u00e9;<\/li>\n\n\n\n<li>Proc\u00e9der \u00e0 l\u2019ouverture d\u2019un interm\u00e9diaire en transport;<\/li>\n\n\n\n<li>Communiquer avec vous relativement aux services requis;<\/li>\n\n\n\n<li>Communiquer avec vous au sujet de tout changement apport\u00e9 \u00e0 nos programmes et \u00e0 leur fonctionnement ainsi qu\u2019\u00e0 nos politiques;&nbsp;<\/li>\n\n\n\n<li>Recevoir et traiter des demandes d\u2019emploi;<\/li>\n\n\n\n<li>Pour respecter nos obligations l\u00e9gales;&nbsp;<\/li>\n<\/ul>\n\n\n\n<p>Nous ne recueillons g\u00e9n\u00e9ralement pas de renseignements personnels sur des personnes mineurs. Si nous devons le faire, nous obtiendrons le consentement du titulaire de l\u2019autorit\u00e9 parentale ou du tuteur.&nbsp;<\/p>\n\n\n\n<p>Nous recueillons les renseignements personnels directement aupr\u00e8s de la personne concern\u00e9e. Nous vous avisons donc que si vous nous fournissez des renseignements personnels au sujet d\u2019autres personnes, il est de votre responsabilit\u00e9 de vous assurer d\u2019avoir obtenu leur consentement \u00e0 une telle communication.&nbsp;<\/p>\n\n\n\n<p>Nous collectons vos renseignements personnels uniquement pour notre entreprise.&nbsp;<\/p>\n\n\n\n<p>Vous pouvez refuser en tout temps de nous transmettre un ou plusieurs renseignements personnels demand\u00e9s. Cependant, il est possible qu\u2019en raison de ce refus nous soyons dans l\u2019impossibilit\u00e9 de donner suite \u00e0 votre demande de biens, de services ou d\u2019emploi.<\/p>\n\n\n\n<p>Vous pouvez retirer en tout temps votre consentement \u00e0 l\u2019utilisation et \u00e0 la communication de vos renseignements personnels collect\u00e9s par notre entreprise. Cependant, ceux-ci seront conserv\u00e9s par notre entreprise le temps requis pour \u00eatre conforme \u00e0 nos obligations l\u00e9gales.&nbsp;<\/p>\n\n\n\n<p><b><i>COMMUNICATION<\/i><\/b><\/p>\n\n\n\n<p>De mani\u00e8re g\u00e9n\u00e9rale vos renseignements personnels ne sont pas communiqu\u00e9s \u00e0 des personnes externes \u00e0 notre entreprise. Cependant, il se peut que vos renseignements personnels soient communiqu\u00e9s \u00e0 des personnes externes \u00e0 notre entreprise pour de la maintenance, pour le service de paie, pour la souscription de votre police d\u2019assurance collective, pour l\u2019envoi de colis ou encore pour effectuer une destruction s\u00e9curitaire de vos renseignements personnels.&nbsp;<\/p>\n\n\n\n<p>Vos renseignements personnels sont communiqu\u00e9s uniquement \u00e0 nos employ\u00e9s devant avoir acc\u00e8s \u00e0 ceux-ci pour la r\u00e9alisation de leurs t\u00e2ches. Si nous voulons que tous nos employ\u00e9s puissent y avoir acc\u00e8s, nous vous demanderons votre consentement.&nbsp;<\/p>\n\n\n\n<p>Il est possible que nous communiquions vos renseignements personnels \u00e0 l\u2019ext\u00e9rieur du Qu\u00e9bec, et, dans ce cas, nous avons mis en place une entente \u00e9crite avec le tiers afin de veiller \u00e0 la protection de vos renseignements personnels.&nbsp;<strong><\/strong><\/p>\n\n\n\n<p>Si vous cliquez sur un lien disponible sur notre site Web vers un autre site Web, nous ne sommes pas responsables des renseignements personnels communiqu\u00e9s par vous sur ce site Web.&nbsp;<\/p>\n\n\n\n<p><b><i>CONSERVATION ET DESTRUCTION<\/i><\/b><\/p>\n\n\n\n<p>Notre entreprise ne conserve pas vos renseignements personnels plus longtemps que n\u00e9cessaire et afin d\u2019\u00eatre conforme \u00e0 nos obligations l\u00e9gales. Nous proc\u00e9dons \u00e0 la fin de ces d\u00e9lais \u00e0 la destruction de vos renseignements personnels&nbsp;<a>par des moyens s\u00e9curitaires et conformes aux normes<\/a>. Pour en savoir davantage, veuillez communiquer avec notre responsable des renseignements personnels dont les coordonn\u00e9es sont indiqu\u00e9es \u00e0 la fin de la pr\u00e9sente politique de confidentialit\u00e9.&nbsp;<\/p>\n\n\n\n<p>Il est possible que nous conservions vos renseignements personnels \u00e0 l\u2019ext\u00e9rieur du Qu\u00e9bec, et, dans ce cas, nous avons mis en place une entente \u00e9crite avec le tiers afin de veiller \u00e0 la protection de vos renseignements personnels.<\/p>\n\n\n\n<p><b><i>PROTECTION<\/i><\/b><\/p>\n\n\n\n<p>Notre entreprise a mis en place des mesures de protection physiques, informatiques, techniques et administratives appropri\u00e9es selon les normes en vigueur pour prot\u00e9ger vos renseignements personnels. Nous ne pouvons cependant vous garantir que les transmissions par Internet ou courriel et que le stockage \u00e9lectronique de donn\u00e9es sont s\u00e9curitaires \u00e0 100%. En cons\u00e9quence, lorsque vous nous transmettez vos informations vous acceptez ce risque. Si vous pensez que vos renseignements personnels ont \u00e9t\u00e9 compromis, veuillez aviser notre responsable des renseignements personnels aux coordonn\u00e9es indiqu\u00e9es \u00e0 la fin de la pr\u00e9sente politique de confidentialit\u00e9.&nbsp;&nbsp;<\/p>\n\n\n\n<p><b><i>ACC\u00c8S ET RECTIFICATION<\/i><\/b><\/p>\n\n\n\n<p>Les renseignements personnels sont accessibles \u00e0 notre si\u00e8ge social. Vous pouvez nous demander quels renseignements nous avons recueillis aupr\u00e8s de vous, de quelles mani\u00e8res, pourquoi et pour qui les renseignements personnels sont collect\u00e9s, quelles sont les cat\u00e9gories parmi nos employ\u00e9s qui ont acc\u00e8s \u00e0 vos renseignements personnels et \u00e0 qui les renseignements personnels sont communiqu\u00e9s, la dur\u00e9e pendant laquelle nous conservons vos renseignements personnels ainsi que les coordonn\u00e9es du responsable des renseignements personnels au sein de notre organisation.&nbsp;<\/p>\n\n\n\n<p>Vous pouvez \u00e9galement nous demander de rectifier tout renseignement personnel qui est inexact, incomplet ou \u00e9quivoque. Vous pouvez \u00e9galement nous demander de cesser la diffusion de tout renseignement personnel ou qu\u2019il soit d\u00e9sindex\u00e9 lorsque cela contrevient \u00e0 la loi ou \u00e0 une ordonnance judiciaire.&nbsp;<\/p>\n\n\n\n<p>Pour ce faire, veuillez communiquer avec notre responsable des renseignements personnels dont les coordonn\u00e9es sont indiqu\u00e9es \u00e0 la fin de la pr\u00e9sente politique de confidentialit\u00e9.&nbsp;<\/p>\n\n\n\n<p><b><i>RESPONSABLE DES RENSEIGNEMENTS PERSONNELS<\/i><\/b><\/p>\n\n\n\n<p>Veuillez contacter notre responsable des renseignements personnels pour toute question ou tout commentaire en lien avec la pr\u00e9sente politique, la&nbsp;<a href=\"https:\/\/elastic-blackburn.198-71-62-207.plesk.page\/index.php\/politique-de-temoins-ca\/\" data-type=\"page\" data-id=\"1166\">Politique de gestion des t\u00e9moins<\/a>,&nbsp;nos&nbsp;<a href=\"https:\/\/dimensiontransport.com\/index.php\/politiques-et-pratiques-de-gouvernance\/\" data-type=\"page\" data-id=\"1693\">Politiques et pratiques de gouvernance<\/a>&nbsp;ou \u00e0 l\u2019\u00e9gard de vos renseignements personnels ainsi que pour toute demande acc\u00e8s ou de rectification, par courriel, t\u00e9l\u00e9phone ou par la poste aux coordonn\u00e9es suivantes&nbsp;:<\/p>\n\n\n\n<p><strong>RESPONSABLE RP<\/strong><\/p>\n\n\n\n<p>Coordonnateur ventes, logistique<\/p>\n\n\n\n<p>2025, route Saint-Alphonse, Saint-Bruno, QC, G0W 2L0<\/p>\n\n\n\n<p>rp@dimensiontransport.com<\/p>\n\n\n\n<p>1 888 785-3260&nbsp;&nbsp;poste 403<\/p>\n\n\n\n<p>418 669-4008&nbsp;&nbsp;&nbsp;&nbsp;poste 403<\/p>\n\n\n\n<p><b><i>MISES \u00c0 JOUR<\/i><\/b><\/p>\n\n\n\n<p>La pr\u00e9sente politique peut \u00eatre mise \u00e0 jour de temps \u00e0 autre. Les avis de modifications de celle-ci seront publi\u00e9s sur notre site Internet.&nbsp;<\/p>\n\n\n\n<p>La pr\u00e9sente politique est \u00e0 jour au 1<sup>er<\/sup>&nbsp;octobre 2023.&nbsp;<\/p>\n","protected":false},"excerpt":{"rendered":"<p>POLITIQUE DE CONFIDENTIALIT\u00c9 DE DIMENSION TRANSPORT INC. RELATIVEMENT \u00c0 VOS RENSEIGNEMENTS PERSONNELS PR\u00c9AMBULE Notre entreprise \u0153uvre dans le domaine du Transport de Marchandises. Nous accordons une tr\u00e8s grande importance \u00e0 la confidentialit\u00e9 et \u00e0 la s\u00e9curit\u00e9 de vos renseignements personnels et la protection de ceux-ci est l\u2019une de nos plus grandes priorit\u00e9s. Nous vous invitons [&hellip;]<\/p>\n","protected":false},"author":1,"featured_media":0,"parent":0,"menu_order":0,"comment_status":"closed","ping_status":"closed","template":"","meta":{"_uag_custom_page_level_css":"","site-sidebar-layout":"default","site-content-layout":"","ast-site-content-layout":"default","site-content-style":"default","site-sidebar-style":"default","ast-global-header-display":"","ast-banner-title-visibility":"","ast-main-header-display":"","ast-hfb-above-header-display":"","ast-hfb-below-header-display":"","ast-hfb-mobile-header-display":"","site-post-title":"","ast-breadcrumbs-content":"","ast-featured-img":"","footer-sml-layout":"","ast-disable-related-posts":"","theme-transparent-header-meta":"","adv-header-id-meta":"","stick-header-meta":"","header-above-stick-meta":"","header-main-stick-meta":"","header-below-stick-meta":"","astra-migrate-meta-layouts":"set","ast-page-background-enabled":"default","ast-page-background-meta":{"desktop":{"background-color":"","background-image":"","background-repeat":"repeat","background-position":"center center","background-size":"auto","background-attachment":"scroll","background-type":"","background-media":"","overlay-type":"","overlay-color":"","overlay-opacity":"","overlay-gradient":""},"tablet":{"background-color":"","background-image":"","background-repeat":"repeat","background-position":"center center","background-size":"auto","background-attachment":"scroll","background-type":"","background-media":"","overlay-type":"","overlay-color":"","overlay-opacity":"","overlay-gradient":""},"mobile":{"background-color":"","background-image":"","background-repeat":"repeat","background-position":"center center","background-size":"auto","background-attachment":"scroll","background-type":"","background-media":"","overlay-type":"","overlay-color":"","overlay-opacity":"","overlay-gradient":""}},"ast-content-background-meta":{"desktop":{"background-color":"var(--ast-global-color-5)","background-image":"","background-repeat":"repeat","background-position":"center center","background-size":"auto","background-attachment":"scroll","background-type":"","background-media":"","overlay-type":"","overlay-color":"","overlay-opacity":"","overlay-gradient":""},"tablet":{"background-color":"var(--ast-global-color-5)","background-image":"","background-repeat":"repeat","background-position":"center center","background-size":"auto","background-attachment":"scroll","background-type":"","background-media":"","overlay-type":"","overlay-color":"","overlay-opacity":"","overlay-gradient":""},"mobile":{"background-color":"var(--ast-global-color-5)","background-image":"","background-repeat":"repeat","background-position":"center center","background-size":"auto","background-attachment":"scroll","background-type":"","background-media":"","overlay-type":"","overlay-color":"","overlay-opacity":"","overlay-gradient":""}},"footnotes":""},"class_list":["post-3","page","type-page","status-publish","hentry"],"uagb_featured_image_src":{"full":false,"thumbnail":false,"medium":false,"medium_large":false,"large":false,"1536x1536":false,"2048x2048":false},"uagb_author_info":{"display_name":"admin","author_link":"https:\/\/dimensiontransport.com\/index.php\/author\/webmaster\/"},"uagb_comment_info":0,"uagb_excerpt":"POLITIQUE DE CONFIDENTIALIT\u00c9 DE DIMENSION TRANSPORT INC. RELATIVEMENT \u00c0 VOS RENSEIGNEMENTS PERSONNELS PR\u00c9AMBULE Notre entreprise \u0153uvre dans le domaine du Transport de Marchandises. Nous accordons une tr\u00e8s grande importance \u00e0 la confidentialit\u00e9 et \u00e0 la s\u00e9curit\u00e9 de vos renseignements personnels et la protection de ceux-ci est l\u2019une de nos plus grandes priorit\u00e9s. Nous vous invitons\u2026","jetpack_sharing_enabled":true,"_links":{"self":[{"href":"https:\/\/dimensiontransport.com\/index.php\/wp-json\/wp\/v2\/pages\/3","targetHints":{"allow":["GET"]}}],"collection":[{"href":"https:\/\/dimensiontransport.com\/index.php\/wp-json\/wp\/v2\/pages"}],"about":[{"href":"https:\/\/dimensiontransport.com\/index.php\/wp-json\/wp\/v2\/types\/page"}],"author":[{"embeddable":true,"href":"https:\/\/dimensiontransport.com\/index.php\/wp-json\/wp\/v2\/users\/1"}],"replies":[{"embeddable":true,"href":"https:\/\/dimensiontransport.com\/index.php\/wp-json\/wp\/v2\/comments?post=3"}],"version-history":[{"count":10,"href":"https:\/\/dimensiontransport.com\/index.php\/wp-json\/wp\/v2\/pages\/3\/revisions"}],"predecessor-version":[{"id":2034,"href":"https:\/\/dimensiontransport.com\/index.php\/wp-json\/wp\/v2\/pages\/3\/revisions\/2034"}],"wp:attachment":[{"href":"https:\/\/dimensiontransport.com\/index.php\/wp-json\/wp\/v2\/media?parent=3"}],"curies":[{"name":"wp","href":"https:\/\/api.w.org\/{rel}","templated":true}]}}